{"id":132,"date":"2021-08-09T11:00:53","date_gmt":"2021-08-09T09:00:53","guid":{"rendered":"https:\/\/www.maho-gmbh.com\/?page_id=132"},"modified":"2024-05-29T11:59:54","modified_gmt":"2024-05-29T09:59:54","slug":"kontakt","status":"publish","type":"page","link":"https:\/\/www.maho-gmbh.com\/tr\/kontakt\/","title":{"rendered":"Kontakt"},"content":{"rendered":"<div class=\"wpb-content-wrapper\"><div data-vc-full-width=\"true\" data-vc-full-width-init=\"false\" data-vc-stretch-content=\"true\" class=\"vc_row wpb_row vc_row-fluid vc_row-no-padding\"><div class=\"wpb_column vc_column_container vc_col-sm-12 vc_hidden-lg vc_hidden-md\"><div class=\"vc_column-inner\"><div class=\"wpb_wrapper\">\n\t\t\t<!-- START KontaktMobile REVOLUTION SLIDER 6.6.20 --><p class=\"rs-p-wp-fix\"><\/p>\n\t\t\t<rs-module-wrap id=\"rev_slider_26_1_wrapper\" data-source=\"gallery\" style=\"visibility:hidden;background:transparent;padding:0;margin:0px auto;margin-top:0;margin-bottom:0;\">\n\t\t\t\t<rs-module id=\"rev_slider_26_1\" style=\"\" data-version=\"6.6.20\">\n\t\t\t\t\t<rs-slides style=\"overflow: hidden; position: absolute;\">\n\t\t\t\t\t\t<rs-slide style=\"position: absolute;\" data-key=\"rs-40\" data-title=\"Slide\" data-anim=\"adpr:false;\" data-in=\"o:0;\" data-out=\"a:false;\">\n\t\t\t\t\t\t\t<img decoding=\"async\" src=\"\/\/www.maho-gmbh.com\/wp-content\/plugins\/revslider\/public\/assets\/assets\/dummy.png\" alt=\"Slide\" title=\"a-man-driving-korklife-in-warehouse-worker-job-w-2021-09-03-05-56-35-utc_BB\" width=\"1000\" height=\"668\" class=\"rev-slidebg tp-rs-img rs-lazyload\" data-lazyload=\"\/\/www.maho-gmbh.com\/wp-content\/plugins\/revslider\/public\/assets\/assets\/transparent.png\" data-no-retina>\n<!--\n\t\t\t\t\t\t\t--><rs-group\n\t\t\t\t\t\t\t\tid=\"slider-26-slide-40-layer-1\" \n\t\t\t\t\t\t\t\tdata-type=\"group\"\n\t\t\t\t\t\t\t\tdata-rsp_ch=\"on\"\n\t\t\t\t\t\t\t\tdata-text=\"w:normal;s:20,20,20,7;l:0,0,0,9;\"\n\t\t\t\t\t\t\t\tdata-dim=\"w:300px,300px,300px,156px;h:180px,180px,180px,114px;\"\n\t\t\t\t\t\t\t\tdata-frame_0=\"o:1;\"\n\t\t\t\t\t\t\t\tdata-frame_999=\"o:0;st:w;sA:9000;\"\n\t\t\t\t\t\t\t\tstyle=\"z-index:22;\"\n\t\t\t\t\t\t\t><!--\n\t\t\t\t\t\t\t\t--><a\n\t\t\t\t\t\t\t\t\tid=\"slider-26-slide-40-layer-2\" \n\t\t\t\t\t\t\t\t\tclass=\"rs-layer\"\n\t\t\t\t\t\t\t\t\thref=\"https:\/\/www.maho-gmbh.com\/tr\/\" target=\"_self\"\n\t\t\t\t\t\t\t\t\tdata-type=\"image\"\n\t\t\t\t\t\t\t\t\tdata-rsp_ch=\"on\"\n\t\t\t\t\t\t\t\t\tdata-xy=\"xo:0,0,0,10px;yo:0,0,0,10px;\"\n\t\t\t\t\t\t\t\t\tdata-pos=\"a\"\n\t\t\t\t\t\t\t\t\tdata-text=\"w:normal;s:20,20,20,7;l:0,0,0,9;\"\n\t\t\t\t\t\t\t\t\tdata-dim=\"w:300px,300px,300px,127px;h:180px,180px,180px,93px;\"\n\t\t\t\t\t\t\t\t\tdata-frame_999=\"o:0;st:w;\"\n\t\t\t\t\t\t\t\t\tstyle=\"z-index:21;\"\n\t\t\t\t\t\t\t\t><img decoding=\"async\" src=\"\/\/www.maho-gmbh.com\/wp-content\/plugins\/revslider\/public\/assets\/assets\/dummy.png\" alt=\"\" class=\"tp-rs-img rs-lazyload\" width=\"1024\" height=\"749\" data-lazyload=\"\/\/www.maho-gmbh.com\/wp-content\/uploads\/2021\/04\/MAHO_GmbH.png\" data-no-retina> \n\t\t\t\t\t\t\t\t<\/a><!--\n\t\t\t\t\t\t\t--><\/rs-group><!--\n\n\t\t\t\t\t\t\t--><rs-group\n\t\t\t\t\t\t\t\tid=\"slider-26-slide-40-layer-3\" \n\t\t\t\t\t\t\t\tdata-type=\"group\"\n\t\t\t\t\t\t\t\tdata-rsp_ch=\"on\"\n\t\t\t\t\t\t\t\tdata-xy=\"x:r;yo:50px,50px,50px,0;\"\n\t\t\t\t\t\t\t\tdata-pos=\"a\"\n\t\t\t\t\t\t\t\tdata-text=\"w:normal;s:20,20,20,7;l:0,0,0,9;\"\n\t\t\t\t\t\t\t\tdata-dim=\"w:auto,auto,auto,308px;h:auto,auto,auto,114px;\"\n\t\t\t\t\t\t\t\tdata-actions='o:click;a:startlayer;layer:slider-26-slide-40-layer-6;ch:true;||o:click;a:stoplayer;layer:slider-26-slide-40-layer-3;ch:true;'\n\t\t\t\t\t\t\t\tdata-frame_0=\"o:1;\"\n\t\t\t\t\t\t\t\tdata-frame_999=\"o:0;st:w;sA:9000;\"\n\t\t\t\t\t\t\t\tstyle=\"z-index:12;\"\n\t\t\t\t\t\t\t><!--\n\t\t\t\t\t\t\t\t--><rs-layer\n\t\t\t\t\t\t\t\t\tid=\"slider-26-slide-40-layer-5\" \n\t\t\t\t\t\t\t\t\tdata-type=\"text\"\n\t\t\t\t\t\t\t\t\tdata-color=\"#ffffff||#ffffff||#ffffff||#ff3a2d\"\n\t\t\t\t\t\t\t\t\tdata-rsp_ch=\"on\"\n\t\t\t\t\t\t\t\t\tdata-xy=\"x:l,l,l,r;xo:50px,50px,50px,10px;y:t,t,t,m;yo:255px,255px,255px,0;\"\n\t\t\t\t\t\t\t\t\tdata-pos=\"a\"\n\t\t\t\t\t\t\t\t\tdata-text=\"w:normal;s:20,20,20,20;l:25,25,25,25;fw:400,400,400,900;\"\n\t\t\t\t\t\t\t\t\tdata-frame_999=\"o:0;st:w;\"\n\t\t\t\t\t\t\t\t\tstyle=\"z-index:11;font-family:'Montserrat';\"\n\t\t\t\t\t\t\t\t>MEN\u00dc \n\t\t\t\t\t\t\t\t<\/rs-layer><!--\n\n\t\t\t\t\t\t\t\t--><rs-layer\n\t\t\t\t\t\t\t\t\tid=\"slider-26-slide-40-layer-4\" \n\t\t\t\t\t\t\t\t\tdata-type=\"image\"\n\t\t\t\t\t\t\t\t\tdata-rsp_ch=\"on\"\n\t\t\t\t\t\t\t\t\tdata-xy=\"x:l,l,l,r;xo:50px,50px,50px,83px;y:t,t,t,m;yo:50px,50px,50px,0;\"\n\t\t\t\t\t\t\t\t\tdata-pos=\"a\"\n\t\t\t\t\t\t\t\t\tdata-text=\"w:normal;s:20,20,20,7;l:0,0,0,9;\"\n\t\t\t\t\t\t\t\t\tdata-dim=\"w:300px,300px,300px,34px;h:180px,180px,180px,34px;\"\n\t\t\t\t\t\t\t\t\tdata-frame_999=\"o:0;st:w;\"\n\t\t\t\t\t\t\t\t\tstyle=\"z-index:10;\"\n\t\t\t\t\t\t\t\t><img decoding=\"async\" src=\"\/\/www.maho-gmbh.com\/wp-content\/plugins\/revslider\/public\/assets\/assets\/dummy.png\" alt=\"\" class=\"tp-rs-img rs-lazyload\" width=\"512\" height=\"512\" data-lazyload=\"\/\/www.maho-gmbh.com\/wp-content\/uploads\/2021\/11\/1-open-menu.png\" data-no-retina> \n\t\t\t\t\t\t\t\t<\/rs-layer><!--\n\t\t\t\t\t\t\t--><\/rs-group><!--\n\n\t\t\t\t\t\t\t--><rs-group\n\t\t\t\t\t\t\t\tid=\"slider-26-slide-40-layer-6\" \n\t\t\t\t\t\t\t\tdata-type=\"group\"\n\t\t\t\t\t\t\t\tdata-rsp_ch=\"on\"\n\t\t\t\t\t\t\t\tdata-xy=\"x:l,l,l,r;xo:50px,50px,50px,10px;yo:50px,50px,50px,10px;\"\n\t\t\t\t\t\t\t\tdata-pos=\"a\"\n\t\t\t\t\t\t\t\tdata-text=\"w:normal;s:20,20,20,7;l:0,0,0,9;\"\n\t\t\t\t\t\t\t\tdata-dim=\"w:auto,auto,auto,212px;h:auto,auto,auto,202px;\"\n\t\t\t\t\t\t\t\tdata-frame_0=\"o:1;\"\n\t\t\t\t\t\t\t\tdata-frame_1=\"st:a;\"\n\t\t\t\t\t\t\t\tdata-frame_999=\"o:0;st:w;sA:9000;\"\n\t\t\t\t\t\t\t\tstyle=\"z-index:20;background-color:#293180;\"\n\t\t\t\t\t\t\t><!--\n\t\t\t\t\t\t\t\t--><rs-layer\n\t\t\t\t\t\t\t\t\tid=\"slider-26-slide-40-layer-13\" \n\t\t\t\t\t\t\t\t\tdata-type=\"image\"\n\t\t\t\t\t\t\t\t\tdata-rsp_ch=\"on\"\n\t\t\t\t\t\t\t\t\tdata-xy=\"xo:50px,50px,50px,-17px;yo:50px,50px,50px,185px;\"\n\t\t\t\t\t\t\t\t\tdata-pos=\"a\"\n\t\t\t\t\t\t\t\t\tdata-text=\"w:normal;s:20,20,20,7;l:0,0,0,9;\"\n\t\t\t\t\t\t\t\t\tdata-dim=\"w:300px,300px,300px,33px;h:180px,180px,180px,33px;\"\n\t\t\t\t\t\t\t\t\tdata-actions='o:click;a:startlayer;layer:slider-26-slide-40-layer-3;ch:true;||o:click;a:stoplayer;layer:slider-26-slide-40-layer-6;ch:true;'\n\t\t\t\t\t\t\t\t\tdata-frame_999=\"o:0;st:w;\"\n\t\t\t\t\t\t\t\t\tstyle=\"z-index:19;\"\n\t\t\t\t\t\t\t\t><img decoding=\"async\" src=\"\/\/www.maho-gmbh.com\/wp-content\/plugins\/revslider\/public\/assets\/assets\/dummy.png\" alt=\"\" class=\"tp-rs-img rs-lazyload\" width=\"512\" height=\"512\" data-lazyload=\"\/\/www.maho-gmbh.com\/wp-content\/uploads\/2021\/11\/cancel.png\" data-no-retina> \n\t\t\t\t\t\t\t\t<\/rs-layer><!--\n\n\t\t\t\t\t\t\t\t--><a\n\t\t\t\t\t\t\t\t\tid=\"slider-26-slide-40-layer-12\" \n\t\t\t\t\t\t\t\t\tclass=\"rs-layer\"\n\t\t\t\t\t\t\t\t\thref=\"https:\/\/www.maho-gmbh.com\/tr\/kontakt\/\" target=\"_self\"\n\t\t\t\t\t\t\t\t\tdata-type=\"text\"\n\t\t\t\t\t\t\t\t\tdata-rsp_ch=\"on\"\n\t\t\t\t\t\t\t\t\tdata-xy=\"x:l,l,l,r;xo:50px,50px,50px,10px;yo:255px,255px,255px,145px;\"\n\t\t\t\t\t\t\t\t\tdata-pos=\"a\"\n\t\t\t\t\t\t\t\t\tdata-text=\"w:normal;s:20,20,20,20;l:25,25,25,25;fw:400,400,400,900;\"\n\t\t\t\t\t\t\t\t\tdata-frame_999=\"o:0;st:w;\"\n\t\t\t\t\t\t\t\t\tstyle=\"z-index:18;font-family:'Montserrat';\"\n\t\t\t\t\t\t\t\t>ILETISIM \n\t\t\t\t\t\t\t\t<\/a><!--\n\n\t\t\t\t\t\t\t\t--><a\n\t\t\t\t\t\t\t\t\tid=\"slider-26-slide-40-layer-8\" \n\t\t\t\t\t\t\t\t\tclass=\"rs-layer\"\n\t\t\t\t\t\t\t\t\thref=\"https:\/\/www.maho-gmbh.com\/tr\/jobs\/\" target=\"_self\"\n\t\t\t\t\t\t\t\t\tdata-type=\"text\"\n\t\t\t\t\t\t\t\t\tdata-rsp_ch=\"on\"\n\t\t\t\t\t\t\t\t\tdata-xy=\"x:l,l,l,r;xo:50px,50px,50px,10px;yo:255px,255px,255px,120px;\"\n\t\t\t\t\t\t\t\t\tdata-pos=\"a\"\n\t\t\t\t\t\t\t\t\tdata-text=\"w:normal;s:20,20,20,20;l:25,25,25,25;fw:400,400,400,900;\"\n\t\t\t\t\t\t\t\t\tdata-frame_999=\"o:0;st:w;\"\n\t\t\t\t\t\t\t\t\tstyle=\"z-index:17;font-family:'Montserrat';\"\n\t\t\t\t\t\t\t\t>JOBS \n\t\t\t\t\t\t\t\t<\/a><!--\n\n\t\t\t\t\t\t\t\t--><a\n\t\t\t\t\t\t\t\t\tid=\"slider-26-slide-40-layer-7\" \n\t\t\t\t\t\t\t\t\tclass=\"rs-layer\"\n\t\t\t\t\t\t\t\t\thref=\"https:\/\/www.maho-gmbh.com\/tr\/team\/\" target=\"_self\"\n\t\t\t\t\t\t\t\t\tdata-type=\"text\"\n\t\t\t\t\t\t\t\t\tdata-rsp_ch=\"on\"\n\t\t\t\t\t\t\t\t\tdata-xy=\"x:l,l,l,r;xo:50px,50px,50px,10px;yo:255px,255px,255px,95px;\"\n\t\t\t\t\t\t\t\t\tdata-pos=\"a\"\n\t\t\t\t\t\t\t\t\tdata-text=\"w:normal;s:20,20,20,20;l:25,25,25,25;fw:400,400,400,900;\"\n\t\t\t\t\t\t\t\t\tdata-frame_999=\"o:0;st:w;\"\n\t\t\t\t\t\t\t\t\tstyle=\"z-index:16;font-family:'Montserrat';\"\n\t\t\t\t\t\t\t\t>EKIP \n\t\t\t\t\t\t\t\t<\/a><!--\n\n\t\t\t\t\t\t\t\t--><rs-layer\n\t\t\t\t\t\t\t\t\tid=\"slider-26-slide-40-layer-11\" \n\t\t\t\t\t\t\t\t\tdata-type=\"text\"\n\t\t\t\t\t\t\t\t\tdata-rsp_ch=\"on\"\n\t\t\t\t\t\t\t\t\tdata-xy=\"x:l,l,l,r;xo:50px,50px,50px,10px;yo:255px,255px,255px,70px;\"\n\t\t\t\t\t\t\t\t\tdata-pos=\"a\"\n\t\t\t\t\t\t\t\t\tdata-text=\"w:normal;s:20,20,20,20;l:25,25,25,25;fw:400,400,400,900;\"\n\t\t\t\t\t\t\t\t\tdata-frame_999=\"o:0;st:w;\"\n\t\t\t\t\t\t\t\t\tstyle=\"z-index:15;font-family:'Montserrat';\"\n\t\t\t\t\t\t\t\t>SHOP \n\t\t\t\t\t\t\t\t<\/rs-layer><!--\n\n\t\t\t\t\t\t\t\t--><a\n\t\t\t\t\t\t\t\t\tid=\"slider-26-slide-40-layer-10\" \n\t\t\t\t\t\t\t\t\tclass=\"rs-layer\"\n\t\t\t\t\t\t\t\t\thref=\"https:\/\/www.maho-gmbh.com\/tr\/marken\/\" target=\"_self\"\n\t\t\t\t\t\t\t\t\tdata-type=\"text\"\n\t\t\t\t\t\t\t\t\tdata-rsp_ch=\"on\"\n\t\t\t\t\t\t\t\t\tdata-xy=\"x:l,l,l,r;xo:50px,50px,50px,10px;yo:255px,255px,255px,45px;\"\n\t\t\t\t\t\t\t\t\tdata-pos=\"a\"\n\t\t\t\t\t\t\t\t\tdata-text=\"w:normal;s:20,20,20,20;l:25,25,25,25;fw:400,400,400,900;\"\n\t\t\t\t\t\t\t\t\tdata-frame_999=\"o:0;st:w;\"\n\t\t\t\t\t\t\t\t\tstyle=\"z-index:14;font-family:'Montserrat';\"\n\t\t\t\t\t\t\t\t>MARKALAR \n\t\t\t\t\t\t\t\t<\/a><!--\n\n\t\t\t\t\t\t\t\t--><a\n\t\t\t\t\t\t\t\t\tid=\"slider-26-slide-40-layer-9\" \n\t\t\t\t\t\t\t\t\tclass=\"rs-layer\"\n\t\t\t\t\t\t\t\t\thref=\"https:\/\/www.maho-gmbh.com\/tr\/ueber-uns\/\" target=\"_self\"\n\t\t\t\t\t\t\t\t\tdata-type=\"text\"\n\t\t\t\t\t\t\t\t\tdata-rsp_ch=\"on\"\n\t\t\t\t\t\t\t\t\tdata-xy=\"x:l,l,l,r;xo:50px,50px,50px,10px;yo:255px,255px,255px,20px;\"\n\t\t\t\t\t\t\t\t\tdata-pos=\"a\"\n\t\t\t\t\t\t\t\t\tdata-text=\"w:normal;s:20,20,20,20;l:25,25,25,25;fw:400,400,400,900;\"\n\t\t\t\t\t\t\t\t\tdata-frame_999=\"o:0;st:w;\"\n\t\t\t\t\t\t\t\t\tstyle=\"z-index:13;font-family:'Montserrat';\"\n\t\t\t\t\t\t\t\t>HAKKIMIZDA \n\t\t\t\t\t\t\t\t<\/a><!--\n\t\t\t\t\t\t\t--><\/rs-group><!--\n\n\t\t\t\t\t\t\t--><rs-layer\n\t\t\t\t\t\t\t\tid=\"slider-26-slide-40-layer-15\" \n\t\t\t\t\t\t\t\tclass=\"intrinsic-ignore\"\n\t\t\t\t\t\t\t\tdata-type=\"text\"\n\t\t\t\t\t\t\t\tdata-rsp_ch=\"on\"\n\t\t\t\t\t\t\t\tdata-xy=\"x:l,l,l,c;xo:50px,50px,50px,0;yo:50px,50px,50px,0;\"\n\t\t\t\t\t\t\t\tdata-text=\"w:normal;s:20,20,20,7;l:25,25,25,9;\"\n\t\t\t\t\t\t\t\tdata-frame_999=\"o:0;st:w;\"\n\t\t\t\t\t\t\t\tstyle=\"z-index:8;font-family:'Roboto';\"\n\t\t\t\t\t\t\t><iframe src=\"https:\/\/www.google.com\/maps\/embed?pb=!1m14!1m8!1m3!1d10050.217961076016!2d7.0277953!3d50.9689407!3m2!1i1024!2i768!4f13.1!3m3!1m2!1s0x0%3A0x823c797ef609c16c!2sMaho%20GmbH!5e0!3m2!1sde!2sde!4v1628499425979!5m2!1sde!2sde\" width=\"3000px\" height=\"650\" style=\"border:0;\" allowfullscreen=\"\" loading=\"lazy\"><\/iframe> \n\t\t\t\t\t\t\t<\/rs-layer><!--\n-->\t\t\t\t\t\t<\/rs-slide>\n\t\t\t\t\t<\/rs-slides>\n\t\t\t\t<\/rs-module>\n\t\t\t\t<script>\n\t\t\t\t\tsetREVStartSize({c: 'rev_slider_26_1',rl:[1240,1240,1240,480],el:[900,900,900,500],gw:[1240,1240,1240,480],gh:[900,900,900,500],type:'standard',justify:'',layout:'fullwidth',mh:\"0\"});if (window.RS_MODULES!==undefined && window.RS_MODULES.modules!==undefined && window.RS_MODULES.modules[\"revslider261\"]!==undefined) {window.RS_MODULES.modules[\"revslider261\"].once = false;window.revapi26 = undefined;if (window.RS_MODULES.checkMinimal!==undefined) window.RS_MODULES.checkMinimal()}\n\t\t\t\t<\/script>\n\t\t\t<\/rs-module-wrap>\n\t\t\t<!-- END REVOLUTION SLIDER -->\n<\/div><\/div><\/div><\/div><div class=\"vc_row-full-width vc_clearfix\"><\/div><div class=\"vc_row wpb_row vc_row-fluid\"><div class=\"wpb_column vc_column_container vc_col-sm-12\"><div class=\"vc_column-inner\"><div class=\"wpb_wrapper\"><div class=\"vc_empty_space\"   style=\"height: 20px\"><span class=\"vc_empty_space_inner\"><\/span><\/div><\/div><\/div><\/div><\/div><div class=\"vc_row wpb_row vc_row-fluid\"><div class=\"wpb_column vc_column_container vc_col-sm-8\"><div class=\"vc_column-inner\"><div class=\"wpb_wrapper\">\n\t<div class=\"wpb_text_column wpb_content_element\" >\n\t\t<div class=\"wpb_wrapper\">\n\t\t\t<div id=\"quform-5b46cf\" class=\"quform quform-1 quform-support-page-caching\"><form id=\"quform-form-5b46cf\" class=\"quform-form quform-form-1\" action=\"\/tr\/wp-json\/wp\/v2\/pages\/132#quform-5b46cf\" method=\"post\" enctype=\"multipart\/form-data\" novalidate=\"novalidate\" data-options=\"{&quot;id&quot;:1,&quot;uniqueId&quot;:&quot;5b46cf&quot;,&quot;theme&quot;:&quot;&quot;,&quot;ajax&quot;:true,&quot;logic&quot;:{&quot;logic&quot;:[],&quot;dependents&quot;:[],&quot;elementIds&quot;:[],&quot;dependentElementIds&quot;:[],&quot;animate&quot;:true},&quot;currentPageId&quot;:1,&quot;errorsIcon&quot;:&quot;&quot;,&quot;updateFancybox&quot;:true,&quot;hasPages&quot;:false,&quot;pages&quot;:[1],&quot;pageProgressType&quot;:&quot;numbers&quot;,&quot;tooltipsEnabled&quot;:true,&quot;tooltipClasses&quot;:&quot;qtip-quform-dark qtip-shadow&quot;,&quot;tooltipMy&quot;:&quot;left center&quot;,&quot;tooltipAt&quot;:&quot;right center&quot;,&quot;isRtl&quot;:false,&quot;scrollOffset&quot;:-50,&quot;scrollSpeed&quot;:800}\" data-trp-original-action=\"\/tr\/wp-json\/wp\/v2\/pages\/132#quform-5b46cf\"><button class=\"quform-default-submit\" name=\"quform_submit\" type=\"submit\" value=\"submit\" aria-hidden=\"true\" tabindex=\"-1\"><\/button><div class=\"quform-form-inner quform-form-inner-1\"><input type=\"hidden\" name=\"quform_form_id\" value=\"1\" \/><input type=\"hidden\" name=\"quform_form_uid\" value=\"5b46cf\" \/><input type=\"hidden\" name=\"quform_count\" value=\"1\" \/><input type=\"hidden\" name=\"form_url\" value=\"https:\/\/www.maho-gmbh.com\/tr\/wp-json\/wp\/v2\/pages\/132\" \/><input type=\"hidden\" name=\"referring_url\" value=\"\" \/><input type=\"hidden\" name=\"post_id\" value=\"\" \/><input type=\"hidden\" name=\"post_title\" value=\"\" \/><input type=\"hidden\" name=\"quform_current_page_id\" value=\"1\" \/><input type=\"hidden\" name=\"quform_csrf_token\" value=\"CXbqcuhMbKGuQl39nJY4f3v315hODxyb3pn8vhod\" \/><div class=\"quform-elements quform-elements-1 quform-cf quform-responsive-elements-phone-landscape\"><div class=\"quform-element quform-element-page quform-page-1 quform-page-1_1 quform-cf quform-group-style-plain quform-first-page quform-last-page quform-current-page\"><div class=\"quform-child-elements\"><div class=\"quform-element quform-element-row quform-element-row-1_3 quform-2-columns quform-element-row-size-fixed quform-responsive-columns-phone-landscape\"><div class=\"quform-element quform-element-column quform-element-1_4\"><div class=\"quform-element quform-element-text quform-element-1_8 quform-cf quform-element-required\"><div class=\"quform-spacer\"><div class=\"quform-label quform-label-1_8\"><label class=\"quform-label-text\" for=\"quform_1_8_5b46cf\">\u0130sim<span class=\"quform-required\">*<\/span><\/label><\/div><div class=\"quform-inner quform-inner-text quform-inner-1_8\"><div class=\"quform-input quform-input-text quform-input-1_8 quform-cf\"><input type=\"text\" id=\"quform_1_8_5b46cf\" name=\"quform_1_8\" class=\"quform-field quform-field-text quform-field-1_8\" \/><\/div><\/div><\/div><\/div><\/div><div class=\"quform-element quform-element-column quform-element-1_5\"><div class=\"quform-element quform-element-text quform-element-1_9 quform-cf quform-element-required\"><div class=\"quform-spacer\"><div class=\"quform-label quform-label-1_9\"><label class=\"quform-label-text\" for=\"quform_1_9_5b46cf\">Soyisim<span class=\"quform-required\">*<\/span><\/label><\/div><div class=\"quform-inner quform-inner-text quform-inner-1_9\"><div class=\"quform-input quform-input-text quform-input-1_9 quform-cf\"><input type=\"text\" id=\"quform_1_9_5b46cf\" name=\"quform_1_9\" class=\"quform-field quform-field-text quform-field-1_9\" \/><\/div><\/div><\/div><\/div><\/div><\/div><div class=\"quform-element quform-element-email quform-element-1_10 quform-cf quform-element-required\"><div class=\"quform-spacer\"><div class=\"quform-label quform-label-1_10\"><label class=\"quform-label-text\" for=\"quform_1_10_5b46cf\">E-Mail-Adresi<span class=\"quform-required\">*<\/span><\/label><\/div><div class=\"quform-inner quform-inner-email quform-inner-1_10\"><div class=\"quform-input quform-input-email quform-input-1_10 quform-cf\"><input type=\"email\" id=\"quform_1_10_5b46cf\" name=\"quform_1_10\" class=\"quform-field quform-field-email quform-field-1_10\" \/><\/div><\/div><\/div><\/div><div class=\"quform-element quform-element-text quform-element-1_11 quform-cf quform-element-required\"><div class=\"quform-spacer\"><div class=\"quform-label quform-label-1_11\"><label class=\"quform-label-text\" for=\"quform_1_11_5b46cf\">Telefon numaras\u0131<span class=\"quform-required\">*<\/span><\/label><\/div><div class=\"quform-inner quform-inner-text quform-inner-1_11\"><div class=\"quform-input quform-input-text quform-input-1_11 quform-cf\"><input type=\"text\" id=\"quform_1_11_5b46cf\" name=\"quform_1_11\" class=\"quform-field quform-field-text quform-field-1_11\" \/><\/div><\/div><\/div><\/div><div class=\"quform-element quform-element-text quform-element-1_12 quform-cf quform-element-optional\"><div class=\"quform-spacer\"><div class=\"quform-label quform-label-1_12\"><label class=\"quform-label-text\" for=\"quform_1_12_5b46cf\">Firma ismi<\/label><\/div><div class=\"quform-inner quform-inner-text quform-inner-1_12\"><div class=\"quform-input quform-input-text quform-input-1_12 quform-cf\"><input type=\"text\" id=\"quform_1_12_5b46cf\" name=\"quform_1_12\" class=\"quform-field quform-field-text quform-field-1_12\" \/><\/div><\/div><\/div><\/div><div class=\"quform-element quform-element-textarea quform-element-1_15 quform-cf quform-element-required\"><div class=\"quform-spacer\"><div class=\"quform-label quform-label-1_15\"><label class=\"quform-label-text\" for=\"quform_1_15_5b46cf\">Mesaj\u0131n\u0131z<span class=\"quform-required\">*<\/span><\/label><\/div><div class=\"quform-inner quform-inner-textarea quform-inner-1_15\"><div class=\"quform-input quform-input-textarea quform-input-1_15 quform-cf\"><textarea id=\"quform_1_15_5b46cf\" name=\"quform_1_15\" class=\"quform-field quform-field-textarea quform-field-1_15\"><\/textarea><\/div><\/div><\/div><\/div><div class=\"quform-element quform-element-html quform-element-1_17 quform-cf\"><div class=\"quform-spacer\">\u0130leti\u015fim formunu g\u00f6ndererek, verilerinizin mesaj\u0131n\u0131z\u0131 i\u015flemek i\u00e7in kullan\u0131laca\u011f\u0131n\u0131 kabul etmi\u015f olursunuz. G\u00f6nderilen veriler yaln\u0131zca talebinizin i\u015flenmesi amac\u0131yla i\u015flenecektir. (\u0130ptal hakk\u0131nda daha fazla bilgi ve talimat burada bulunabilir: <a href=\"https:\/\/www.maho-gmbh.com\/tr\/datenschutzerklaerung\/\">Gizlilik politikas\u0131<\/a>.)<\/div><\/div><div class=\"quform-element quform-element-captcha quform-element-1_18 quform-cf quform-element-required\"><div class=\"quform-spacer\"><div class=\"quform-label quform-label-1_18\"><label class=\"quform-label-text\" for=\"quform_1_18_5b46cf\">L\u00fctfen giriniz<span class=\"quform-required\">*<\/span><\/label><\/div><div class=\"quform-inner quform-inner-captcha quform-inner-1_18\"><div class=\"quform-input quform-input-captcha quform-input-1_18 quform-cf\"><input type=\"text\" id=\"quform_1_18_5b46cf\" name=\"quform_1_18\" class=\"quform-field quform-field-captcha quform-field-1_18\" \/><\/div><div class=\"quform-captcha quform-cf\"><div class=\"quform-captcha-image quform-captcha-image-1_18\"><img loading=\"lazy\" decoding=\"async\" class=\"quform-captcha-image-img\" src=\"data:image\/png;base64,iVBORw0KGgoAAAANSUhEUgAAAOYAAABQBAMAAAD\/1xTgAAAAG1BMVEX\/\/\/8iIiLj4+OsrKw9PT2QkJDHx8d0dHRZWVlYi\/WdAAAACXBIWXMAAA7EAAAOxAGVKw4bAAAD\/klEQVRoge1YS0\/bQBAOG8f2kQkGfLQLqNckVWmPcYHSYxyg5RiDWq4xtBJHTEDqz+7MrJ8hbJxHLbXyd4D1sutv5\/XNmkajRo0aNf5bvKmaUFwCWF8rpWxGQHiskFKXlACd6jj9mBJ2KqM0kG1ydY3GWpVxhgC3+KtZoXORa4sHXYCHijhdgBEPNID2\/OXOOjhD2JaDVpkk6lrrIE2ZynDimv7qlDrA7ohHRgnfBmspKEpXm0daCRs8POHqnDqJwYhGKA2DOYvpgCsWcfNXg+Ip65LInTkbzPSAy+IGYMySwK\/ZT+pUgYA45zlDAXEOHEBXukt4Jd4WgrVK4u5xMxmzTz812ITtuZvQFV4Z4ZgNTh3ZpvfOGpwd1mjeJlzUD0sc7RVQM8nv9rll64fKTZhCg25cWYtC946Q08vljMF1h837s2ofht5x52f3TGD1D78MNzI7RQRWh1NXWQkh2qgt0\/H0+07AZaFlkrIvL0M+qLPSQ+FrLdHxbjzYxHdjezBTTt2TQ199P6EUouTbXIyRi7Ltc5UYaTbsx6UZgLJgTF6Gx9LPFxDduCilPUYqnVHM1PSUlSDTB0Pv5cMuLscqSlmUQ7yFoKA4rYQTffYg3h2OmF2hfz5HQN4SU86D17aI629PR9xxuUcGMEFrkUr+FX22h0eH04ufyhZKKSQ+Qr6y+XEGpz4kLaXgNePlAfQj2Ek5XbDD5IqrSEpyhwyOdZdMRbEVU\/aNA\/ieHO1yGJBbXNh0wdKT6u5CDs6rnOiOe7mmn7webbG7xdag8SlQXI6fWMcbLDj9xga00c23SVSY81i+TqFDrlxhZYah5RPHLx6TVz2Sww1IkotKUcPAoPLlOFGFxAe6eLxuZpw8EyfTTIHsYirTTQvsK51CaaYOQOd2TNzVpQN3kilWAnGtlHiK+elIKqD4wVMR6VJ\/6s4bWeiACBwtFUl0atvAs5nZh9iGbKTz4Me9D91yEcmtvo2+HLSKV6QAOi04h4GbOT0Cu4X+Fdk1w3yRezPRupPvcLP8dq1GaGGoRvl1GjwY8B76AaRTKHRnpAZ+aqdY7DNQxpWP27wVhWSRZ4O2CT3Y6WbmY3y3qTK1rDAW+TqKv8lP4keDZb+fXyFgFy2PdsNccw9lGWJxJRmnR7ZTlpPkBU57yaOLvhJTkQkBQ9mFKJfQWqyXB7\/T5itKU5Jk273sGcOJvapYLi7KOUU9p4lCLTdq4OYTJ\/+4hSI\/XaJ0ezWLOUK6syQleqeXf8IeTIYXbyt0h6Qf+d5uruVDh+FKaZqa5WuHV8hmvHGVkICynHbvxaxPbn37XJjTr9ZEiS57dl7OGtZf\/WdI5f8mrFGjRo0aNWrUqFHjn8MfWBuYWAo3kJsAAAAASUVORK5CYII=\" alt=\"CAPTCHA image\" data-element-id=\"18\" width=\"115\" height=\"40\" \/><\/div><\/div><\/div><\/div><\/div><div class=\"quform-element quform-element-submit quform-element-1_2 quform-cf quform-button-style-theme\"><div class=\"quform-button-submit quform-button-submit-default quform-button-submit-1_2\"><button name=\"quform_submit\" type=\"submit\" class=\"quform-submit\" value=\"submit\"><span class=\"quform-button-text quform-button-submit-text\">Send<\/span><\/button><\/div><div class=\"quform-loading quform-loading-position-left quform-loading-type-spinner-1\"><div class=\"quform-loading-inner\"><div class=\"quform-loading-spinner\"><div class=\"quform-loading-spinner-inner\"><\/div><\/div><\/div><\/div><\/div><div class=\"quform-element-tree\"><label for=\"quform_1_0_5b46cf\">This field should be left blank<\/label><input type=\"text\" id=\"quform_1_0_5b46cf\" name=\"quform_1_0\" class=\"quform-field quform-field-tree quform-field-1_0\" tabindex=\"-1\" autocomplete=\"off\" \/><\/div><\/div><\/div><\/div><\/div><input type=\"hidden\" name=\"trp-form-language\" value=\"tr\"\/><\/form><\/div>\n\n\t\t<\/div>\n\t<\/div>\n<\/div><\/div><\/div><div class=\"wpb_column vc_column_container vc_col-sm-4\"><div class=\"vc_column-inner\"><div class=\"wpb_wrapper\">\n\t<div  class=\"wpb_single_image wpb_content_element vc_align_center\">\n\t\t\n\t\t<figure class=\"wpb_wrapper vc_figure\">\n\t\t\t<div class=\"vc_single_image-wrapper   vc_box_border_grey\"><img loading=\"lazy\" decoding=\"async\" width=\"300\" height=\"219\" src=\"https:\/\/www.maho-gmbh.com\/wp-content\/uploads\/2021\/04\/MAHO_GmbH-300x219.png\" class=\"vc_single_image-img attachment-medium\" alt=\"\" title=\"MAHO_GmbH\" srcset=\"https:\/\/www.maho-gmbh.com\/wp-content\/uploads\/2021\/04\/MAHO_GmbH-300x219.png 300w, https:\/\/www.maho-gmbh.com\/wp-content\/uploads\/2021\/04\/MAHO_GmbH-768x562.png 768w, https:\/\/www.maho-gmbh.com\/wp-content\/uploads\/2021\/04\/MAHO_GmbH-200x146.png 200w, https:\/\/www.maho-gmbh.com\/wp-content\/uploads\/2021\/04\/MAHO_GmbH-50x37.png 50w, https:\/\/www.maho-gmbh.com\/wp-content\/uploads\/2021\/04\/MAHO_GmbH-103x75.png 103w, https:\/\/www.maho-gmbh.com\/wp-content\/uploads\/2021\/04\/MAHO_GmbH.png 1024w\" sizes=\"auto, (max-width:767px) 300px, 300px\" \/><\/div>\n\t\t<\/figure>\n\t<\/div>\n\n\t<div class=\"wpb_text_column wpb_content_element\" >\n\t\t<div class=\"wpb_wrapper\">\n\t\t\t<p style=\"text-align: center;\"><strong>Maho GmbH<\/strong><br \/>\nPiccoloministra\u00dfe 22<br \/>\n51063 K\u00f6ln<\/p>\n<p style=\"text-align: center;\"><span class=\"LrzXr zdqRlf kno-fv\">Telefon: +49 221 964 401 97<br \/>\nFax: +49 221 964 401 99<br \/>\n<\/span>info{a}maho-gmbh.com<\/p>\n\n\t\t<\/div>\n\t<\/div>\n<\/div><\/div><\/div><\/div>\n<\/div>","protected":false},"excerpt":{"rendered":"MEN\u00dc KONTAKT JOBS TEAM SHOP MARKEN \u00dcBER UNS Name*Vorname*E-Mail-Adresse*Telefonnummer*FirmennameIhre Nachricht*Mit dem Absenden des Kontaktformulars erkl\u00e4ren Sie sich damit einverstanden, dass Ihre Daten zur Bearbeitung Ihrer Nachricht<span class=\"excerpt-hellip\"> [\u2026]<\/span>","protected":false},"author":1,"featured_media":0,"parent":0,"menu_order":0,"comment_status":"closed","ping_status":"closed","template":"","meta":{"footnotes":""},"class_list":["post-132","page","type-page","status-publish","hentry"],"_links":{"self":[{"href":"https:\/\/www.maho-gmbh.com\/tr\/wp-json\/wp\/v2\/pages\/132","targetHints":{"allow":["GET"]}}],"collection":[{"href":"https:\/\/www.maho-gmbh.com\/tr\/wp-json\/wp\/v2\/pages"}],"about":[{"href":"https:\/\/www.maho-gmbh.com\/tr\/wp-json\/wp\/v2\/types\/page"}],"author":[{"embeddable":true,"href":"https:\/\/www.maho-gmbh.com\/tr\/wp-json\/wp\/v2\/users\/1"}],"replies":[{"embeddable":true,"href":"https:\/\/www.maho-gmbh.com\/tr\/wp-json\/wp\/v2\/comments?post=132"}],"version-history":[{"count":7,"href":"https:\/\/www.maho-gmbh.com\/tr\/wp-json\/wp\/v2\/pages\/132\/revisions"}],"predecessor-version":[{"id":135,"href":"https:\/\/www.maho-gmbh.com\/tr\/wp-json\/wp\/v2\/pages\/132\/revisions\/135"}],"wp:attachment":[{"href":"https:\/\/www.maho-gmbh.com\/tr\/wp-json\/wp\/v2\/media?parent=132"}],"curies":[{"name":"wp","href":"https:\/\/api.w.org\/{rel}","templated":true}]}}