{"id":431,"date":"2025-06-07T22:07:06","date_gmt":"2025-06-07T20:07:06","guid":{"rendered":"https:\/\/www.maho-gmbh.com\/?page_id=431"},"modified":"2025-06-07T22:23:52","modified_gmt":"2025-06-07T20:23:52","slug":"jobs-kaufmann","status":"publish","type":"page","link":"https:\/\/www.maho-gmbh.com\/tr\/jobs-kaufmann\/","title":{"rendered":"JOBS-Kaufmann"},"content":{"rendered":"<div class=\"wpb-content-wrapper\"><div class=\"vc_row wpb_row vc_row-fluid\"><div class=\"wpb_column vc_column_container vc_col-sm-12\"><div class=\"vc_column-inner\"><div class=\"wpb_wrapper\"><div class=\"vc_empty_space\"   style=\"height: 20px\"><span class=\"vc_empty_space_inner\"><\/span><\/div><\/div><\/div><\/div><\/div><div class=\"vc_row wpb_row vc_row-fluid\"><div class=\"wpb_column vc_column_container vc_col-sm-12\"><div class=\"vc_column-inner\"><div class=\"wpb_wrapper\">\n\t<div class=\"wpb_text_column wpb_content_element\" >\n\t\t<div class=\"wpb_wrapper\">\n\t\t\t<h1><span style=\"color: #293180;\">HERZLICH WILLKOMMEN BEI MAHO GMBH<\/span><\/h1>\n\n\t\t<\/div>\n\t<\/div>\n\n\t<div class=\"wpb_text_column wpb_content_element\" >\n\t\t<div class=\"wpb_wrapper\">\n\t\t\t<p>Unser\u00a0 Team sucht zum n\u00e4chstm\u00f6glichen Zeitpunkt vertrauensvolle und engagierte Mitarbeiter\/innen. Sie f\u00fchlen sich angesprochen und haben Lust unser Team zu unterst\u00fctzen, dann bewerben Sie sich jetzt!<\/p>\n\n\t\t<\/div>\n\t<\/div>\n<\/div><\/div><\/div><\/div><div class=\"vc_row wpb_row vc_row-fluid\"><div class=\"wpb_column vc_column_container vc_col-sm-8\"><div class=\"vc_column-inner\"><div class=\"wpb_wrapper\">\n\t<div class=\"wpb_text_column wpb_content_element\" >\n\t\t<div class=\"wpb_wrapper\">\n\t\t\t<h4><span style=\"color: #293180;\">KAUFM\u00c4NNISCHE;R ANGESTELLTE;R (M\/W\/D) MIT SCHWERPUNKT BUCHHALTUNG UND VERTRIEB (VOLLZEIT ODER TEILZEIT)<\/span><\/h4>\n\n\t\t<\/div>\n\t<\/div>\n<\/div><\/div><\/div><div class=\"wpb_column vc_column_container vc_col-sm-4\"><div class=\"vc_column-inner\"><div class=\"wpb_wrapper\"><div class=\"vc_btn3-container vc_btn3-center\" ><a class=\"vc_general vc_btn3 vc_btn3-size-md vc_btn3-shape-round vc_btn3-style-flat vc_btn3-icon-left vc_btn3-color-primary\" href=\"https:\/\/www.maho-gmbh.com\/tr\/kontakt\/\" title=\"\" target=\"_blank\"><i class=\"vc_btn3-icon far fa-arrow-alt-circle-right\"><\/i> Jetzt bewerben<\/a><\/div><\/div><\/div><\/div><\/div><div class=\"vc_row wpb_row vc_row-fluid\"><div class=\"wpb_column vc_column_container vc_col-sm-12\"><div class=\"vc_column-inner\"><div class=\"wpb_wrapper\"><div class=\"vc_separator wpb_content_element vc_separator_align_center vc_sep_width_100 vc_sep_pos_align_center vc_separator_no_text\" ><span class=\"vc_sep_holder vc_sep_holder_l\"><span style=\"border-color:#293180;\" class=\"vc_sep_line\"><\/span><\/span><span class=\"vc_sep_holder vc_sep_holder_r\"><span style=\"border-color:#293180;\" class=\"vc_sep_line\"><\/span><\/span>\n<\/div><\/div><\/div><\/div><\/div><div class=\"vc_row wpb_row vc_row-fluid\"><\/div><div class=\"wpb_column vc_column_container vc_col-sm-12\"><div class=\"vc_column-inner\"><div class=\"wpb_wrapper\"><\/div><\/div><\/div>\n\t<div class=\"wpb_text_column wpb_content_element\" >\n\t\t<div class=\"wpb_wrapper\">\n\t\t\t<p class=\"p1\">Zur Verst\u00e4rkung unseres Teams suchen wir zum n\u00e4chstm\u00f6glichen Zeitpunkt eine engagierte und vielseitige kaufm\u00e4nnische Angestellte (m\/w\/d), die sowohl im Bereich Buchhaltung als auch im Vertrieb kompetent unterstu\u0308tzt.<\/p>\n\n\t\t<\/div>\n\t<\/div>\n\n\t<div class=\"wpb_text_column wpb_content_element\" >\n\t\t<div class=\"wpb_wrapper\">\n\t\t\t<h4><span style=\"color: #293180;\">IHRE AUFGABEN:<\/span><strong><br \/>\n<\/strong><\/h4>\n\n\t\t<\/div>\n\t<\/div>\n\n\t<div class=\"wpb_text_column wpb_content_element\" >\n\t\t<div class=\"wpb_wrapper\">\n\t\t\t<h5 class=\"p1\"><strong>Buchhaltung:<\/strong><\/h5>\n<p class=\"p1\">\u2022 Pru\u0308fung, Kontierung und Buchung laufender Gesch\u00e4ftsvorf\u00e4lle<\/p>\n<p class=\"p1\">\u2022 Rechnungsstellung und -pru\u0308fung<\/p>\n<p class=\"p1\">\u2022 Mahnwesen und Zahlungsverkehr<\/p>\n<p class=\"p1\">\u2022 Vorbereitung von Unterlagen fu\u0308r den Steuerberater<\/p>\n<h5 class=\"p1\"><strong>Vertrieb \/ Verwaltung:<\/strong><\/h5>\n<p class=\"p1\">\u2022 Betreuung von Kundenanfragen und Unterstu\u0308tzung im Vertriebsinnendienst<\/p>\n<p class=\"p1\">\u2022 Angebotserstellung und -nachverfolgung<\/p>\n<p class=\"p1\">\u2022 Pflege von Kundenstammdaten und Dokumentation im CRM-System<\/p>\n<p class=\"p1\">\u2022 Allgemeine administrative Aufgaben im Bu\u0308roalltag<\/p>\n\n\t\t<\/div>\n\t<\/div>\n<div class=\"vc_separator wpb_content_element vc_separator_align_center vc_sep_width_100 vc_sep_pos_align_center vc_separator_no_text\" ><span class=\"vc_sep_holder vc_sep_holder_l\"><span style=\"border-color:#293180;\" class=\"vc_sep_line\"><\/span><\/span><span class=\"vc_sep_holder vc_sep_holder_r\"><span style=\"border-color:#293180;\" class=\"vc_sep_line\"><\/span><\/span>\n<\/div>\n\t<div class=\"wpb_text_column wpb_content_element\" >\n\t\t<div class=\"wpb_wrapper\">\n\t\t\t<h4><span style=\"color: #293180;\">IHR PROFIL:<\/span><strong><br \/>\n<\/strong><\/h4>\n\n\t\t<\/div>\n\t<\/div>\n\n\t<div class=\"wpb_text_column wpb_content_element\" >\n\t\t<div class=\"wpb_wrapper\">\n\t\t\t<p class=\"p1\">\u2022 Erfolgreich abgeschlossene kaufm\u00e4nnische Ausbildung<\/p>\n<p class=\"p1\">\u2022 Berufserfahrung in der Buchhaltung sowie idealerweise im Vertriebsumfeld<\/p>\n<p class=\"p1\">\u2022 Sicherer Umgang mit MS Office (insb. Excel, Outlook)<\/p>\n<p class=\"p1\">\u2022 Organisationstalent, Eigeninitiative und Teamf\u00e4higkeit<\/p>\n<p class=\"p1\">\u2022 Freundliches Auftreten und Kommunikationsst\u00e4rke<\/p>\n<h4><span style=\"color: #293180;\">WIR BIETEN:<\/span><strong><br \/>\n<\/strong><\/h4>\n\n\t\t<\/div>\n\t<\/div>\n\n\t<div class=\"wpb_text_column wpb_content_element\" >\n\t\t<div class=\"wpb_wrapper\">\n\t\t\t\n\t\t<\/div>\n\t<\/div>\n<p class=\"p1\">\u2022 Eine abwechslungsreiche T\u00e4tigkeit in einem kollegialen Team<\/p>\n<p class=\"p1\">\u2022 Flexible Arbeitszeitmodelle (Vollzeit oder Teilzeit)<\/p>\n<p class=\"p1\">\u2022 Modeme Arbeitsumgebung und flache Hierarchien<\/p>\n<p class=\"p1\">\u2022 leistungsgerechte Vergu\u0308tung<\/p>\n<p class=\"p1\">\u2022 Weiterbildungs- und Entwicklungsm\u00f6glichkeiten<\/p>\n<h5 class=\"p1\"><strong>Interessiert?<\/strong><\/h5>\n<p class=\"p1\">Dann freuen wir uns auf Ihre aussagekr\u00e4ftige Bewerbung unter Angabe Ihres m\u00f6glichen Eintrittstermins und Ihrer Gehaltsvorstellung.<\/p>\n<\/div>","protected":false},"excerpt":{"rendered":"<p>\u2022 Eine abwechslungsreiche T\u00e4tigkeit in einem kollegialen Team \u2022 Flexible Arbeitszeitmodelle (Vollzeit oder Teilzeit) \u2022 Modeme Arbeitsumgebung und flache Hierarchien \u2022 leistungsgerechte Vergu\u0308tung \u2022 Weiterbildungs- und<span class=\"excerpt-hellip\"> [\u2026]<\/span><\/p>","protected":false},"author":2,"featured_media":0,"parent":0,"menu_order":0,"comment_status":"closed","ping_status":"closed","template":"","meta":{"footnotes":""},"class_list":["post-431","page","type-page","status-publish","hentry"],"_links":{"self":[{"href":"https:\/\/www.maho-gmbh.com\/tr\/wp-json\/wp\/v2\/pages\/431","targetHints":{"allow":["GET"]}}],"collection":[{"href":"https:\/\/www.maho-gmbh.com\/tr\/wp-json\/wp\/v2\/pages"}],"about":[{"href":"https:\/\/www.maho-gmbh.com\/tr\/wp-json\/wp\/v2\/types\/page"}],"author":[{"embeddable":true,"href":"https:\/\/www.maho-gmbh.com\/tr\/wp-json\/wp\/v2\/users\/2"}],"replies":[{"embeddable":true,"href":"https:\/\/www.maho-gmbh.com\/tr\/wp-json\/wp\/v2\/comments?post=431"}],"version-history":[{"count":6,"href":"https:\/\/www.maho-gmbh.com\/tr\/wp-json\/wp\/v2\/pages\/431\/revisions"}],"predecessor-version":[{"id":437,"href":"https:\/\/www.maho-gmbh.com\/tr\/wp-json\/wp\/v2\/pages\/431\/revisions\/437"}],"wp:attachment":[{"href":"https:\/\/www.maho-gmbh.com\/tr\/wp-json\/wp\/v2\/media?parent=431"}],"curies":[{"name":"wp","href":"https:\/\/api.w.org\/{rel}","templated":true}]}}