{"id":48,"date":"2021-06-10T10:10:45","date_gmt":"2021-06-10T08:10:45","guid":{"rendered":"https:\/\/www.maho-gmbh.com\/?page_id=48"},"modified":"2023-02-13T10:56:25","modified_gmt":"2023-02-13T09:56:25","slug":"ueber-uns","status":"publish","type":"page","link":"https:\/\/www.maho-gmbh.com\/tr\/ueber-uns\/","title":{"rendered":"\u00dcber Uns"},"content":{"rendered":"<div class=\"wpb-content-wrapper\"><div data-vc-full-width=\"true\" data-vc-full-width-init=\"false\" data-vc-stretch-content=\"true\" class=\"vc_row wpb_row vc_row-fluid vc_row-no-padding\"><div class=\"wpb_column vc_column_container vc_col-sm-12 vc_hidden-lg vc_hidden-md\"><div class=\"vc_column-inner\"><div class=\"wpb_wrapper\">\n\t\t\t<!-- START Slider 4 REVOLUTION SLIDER 6.6.20 --><p class=\"rs-p-wp-fix\"><\/p>\n\t\t\t<rs-module-wrap id=\"rev_slider_22_1_wrapper\" data-source=\"gallery\" style=\"visibility:hidden;background:transparent;padding:0;margin:0px auto;margin-top:0;margin-bottom:0;\">\n\t\t\t\t<rs-module id=\"rev_slider_22_1\" style=\"\" data-version=\"6.6.20\">\n\t\t\t\t\t<rs-slides style=\"overflow: hidden; position: absolute;\">\n\t\t\t\t\t\t<rs-slide style=\"position: absolute;\" data-key=\"rs-36\" data-title=\"Slide\" data-anim=\"adpr:false;\" data-in=\"o:0;\" data-out=\"a:false;\">\n\t\t\t\t\t\t\t<img decoding=\"async\" src=\"\/\/www.maho-gmbh.com\/wp-content\/plugins\/revslider\/public\/assets\/assets\/dummy.png\" alt=\"\" title=\"DSC_0123_BB_2\" width=\"2560\" height=\"1696\" class=\"rev-slidebg tp-rs-img rs-lazyload\" data-lazyload=\"\/\/www.maho-gmbh.com\/wp-content\/uploads\/2021\/09\/DSC_0123_BB_2-scaled.jpg\" data-no-retina>\n<!--\n\t\t\t\t\t\t\t--><rs-group\n\t\t\t\t\t\t\t\tid=\"slider-22-slide-36-layer-1\" \n\t\t\t\t\t\t\t\tdata-type=\"group\"\n\t\t\t\t\t\t\t\tdata-rsp_ch=\"on\"\n\t\t\t\t\t\t\t\tdata-text=\"w:normal;s:20,20,20,7;l:0,0,0,9;\"\n\t\t\t\t\t\t\t\tdata-dim=\"w:300px,300px,300px,156px;h:180px,180px,180px,114px;\"\n\t\t\t\t\t\t\t\tdata-frame_0=\"o:1;\"\n\t\t\t\t\t\t\t\tdata-frame_999=\"o:0;st:w;sA:9000;\"\n\t\t\t\t\t\t\t\tstyle=\"z-index:21;\"\n\t\t\t\t\t\t\t><!--\n\t\t\t\t\t\t\t\t--><a\n\t\t\t\t\t\t\t\t\tid=\"slider-22-slide-36-layer-2\" \n\t\t\t\t\t\t\t\t\tclass=\"rs-layer\"\n\t\t\t\t\t\t\t\t\thref=\"https:\/\/www.maho-gmbh.com\/tr\/\" target=\"_self\"\n\t\t\t\t\t\t\t\t\tdata-type=\"image\"\n\t\t\t\t\t\t\t\t\tdata-rsp_ch=\"on\"\n\t\t\t\t\t\t\t\t\tdata-xy=\"xo:0,0,0,10px;yo:0,0,0,10px;\"\n\t\t\t\t\t\t\t\t\tdata-pos=\"a\"\n\t\t\t\t\t\t\t\t\tdata-text=\"w:normal;s:20,20,20,7;l:0,0,0,9;\"\n\t\t\t\t\t\t\t\t\tdata-dim=\"w:300px,300px,300px,127px;h:180px,180px,180px,93px;\"\n\t\t\t\t\t\t\t\t\tdata-frame_999=\"o:0;st:w;\"\n\t\t\t\t\t\t\t\t\tstyle=\"z-index:20;\"\n\t\t\t\t\t\t\t\t><img decoding=\"async\" src=\"\/\/www.maho-gmbh.com\/wp-content\/plugins\/revslider\/public\/assets\/assets\/dummy.png\" alt=\"\" class=\"tp-rs-img rs-lazyload\" width=\"1024\" height=\"749\" data-lazyload=\"\/\/www.maho-gmbh.com\/wp-content\/uploads\/2021\/04\/MAHO_GmbH.png\" data-no-retina> \n\t\t\t\t\t\t\t\t<\/a><!--\n\t\t\t\t\t\t\t--><\/rs-group><!--\n\n\t\t\t\t\t\t\t--><rs-group\n\t\t\t\t\t\t\t\tid=\"slider-22-slide-36-layer-3\" \n\t\t\t\t\t\t\t\tdata-type=\"group\"\n\t\t\t\t\t\t\t\tdata-rsp_ch=\"on\"\n\t\t\t\t\t\t\t\tdata-xy=\"x:r;yo:50px,50px,50px,0;\"\n\t\t\t\t\t\t\t\tdata-pos=\"a\"\n\t\t\t\t\t\t\t\tdata-text=\"w:normal;s:20,20,20,7;l:0,0,0,9;\"\n\t\t\t\t\t\t\t\tdata-dim=\"w:auto,auto,auto,308px;h:auto,auto,auto,114px;\"\n\t\t\t\t\t\t\t\tdata-actions='o:click;a:startlayer;layer:slider-22-slide-36-layer-6;ch:true;||o:click;a:stoplayer;layer:slider-22-slide-36-layer-3;ch:true;'\n\t\t\t\t\t\t\t\tdata-frame_0=\"o:1;\"\n\t\t\t\t\t\t\t\tdata-frame_999=\"o:0;st:w;sA:9000;\"\n\t\t\t\t\t\t\t\tstyle=\"z-index:11;\"\n\t\t\t\t\t\t\t><!--\n\t\t\t\t\t\t\t\t--><rs-layer\n\t\t\t\t\t\t\t\t\tid=\"slider-22-slide-36-layer-5\" \n\t\t\t\t\t\t\t\t\tdata-type=\"text\"\n\t\t\t\t\t\t\t\t\tdata-color=\"#ffffff||#ffffff||#ffffff||#ff3a2d\"\n\t\t\t\t\t\t\t\t\tdata-rsp_ch=\"on\"\n\t\t\t\t\t\t\t\t\tdata-xy=\"x:l,l,l,r;xo:50px,50px,50px,10px;y:t,t,t,m;yo:255px,255px,255px,0;\"\n\t\t\t\t\t\t\t\t\tdata-pos=\"a\"\n\t\t\t\t\t\t\t\t\tdata-text=\"w:normal;s:20,20,20,20;l:25,25,25,25;fw:400,400,400,900;\"\n\t\t\t\t\t\t\t\t\tdata-frame_999=\"o:0;st:w;\"\n\t\t\t\t\t\t\t\t\tstyle=\"z-index:10;font-family:'Montserrat';\"\n\t\t\t\t\t\t\t\t>MEN\u00dc \n\t\t\t\t\t\t\t\t<\/rs-layer><!--\n\n\t\t\t\t\t\t\t\t--><rs-layer\n\t\t\t\t\t\t\t\t\tid=\"slider-22-slide-36-layer-4\" \n\t\t\t\t\t\t\t\t\tdata-type=\"image\"\n\t\t\t\t\t\t\t\t\tdata-rsp_ch=\"on\"\n\t\t\t\t\t\t\t\t\tdata-xy=\"x:l,l,l,r;xo:50px,50px,50px,83px;y:t,t,t,m;yo:50px,50px,50px,0;\"\n\t\t\t\t\t\t\t\t\tdata-pos=\"a\"\n\t\t\t\t\t\t\t\t\tdata-text=\"w:normal;s:20,20,20,7;l:0,0,0,9;\"\n\t\t\t\t\t\t\t\t\tdata-dim=\"w:300px,300px,300px,34px;h:180px,180px,180px,34px;\"\n\t\t\t\t\t\t\t\t\tdata-frame_999=\"o:0;st:w;\"\n\t\t\t\t\t\t\t\t\tstyle=\"z-index:9;\"\n\t\t\t\t\t\t\t\t><img decoding=\"async\" src=\"\/\/www.maho-gmbh.com\/wp-content\/plugins\/revslider\/public\/assets\/assets\/dummy.png\" alt=\"\" class=\"tp-rs-img rs-lazyload\" width=\"512\" height=\"512\" data-lazyload=\"\/\/www.maho-gmbh.com\/wp-content\/uploads\/2021\/11\/1-open-menu.png\" data-no-retina> \n\t\t\t\t\t\t\t\t<\/rs-layer><!--\n\t\t\t\t\t\t\t--><\/rs-group><!--\n\n\t\t\t\t\t\t\t--><rs-group\n\t\t\t\t\t\t\t\tid=\"slider-22-slide-36-layer-6\" \n\t\t\t\t\t\t\t\tdata-type=\"group\"\n\t\t\t\t\t\t\t\tdata-rsp_ch=\"on\"\n\t\t\t\t\t\t\t\tdata-xy=\"x:l,l,l,r;xo:50px,50px,50px,10px;yo:50px,50px,50px,10px;\"\n\t\t\t\t\t\t\t\tdata-pos=\"a\"\n\t\t\t\t\t\t\t\tdata-text=\"w:normal;s:20,20,20,7;l:0,0,0,9;\"\n\t\t\t\t\t\t\t\tdata-dim=\"w:auto,auto,auto,212px;h:auto,auto,auto,202px;\"\n\t\t\t\t\t\t\t\tdata-frame_0=\"o:1;\"\n\t\t\t\t\t\t\t\tdata-frame_1=\"st:a;\"\n\t\t\t\t\t\t\t\tdata-frame_999=\"o:0;st:w;sA:9000;\"\n\t\t\t\t\t\t\t\tstyle=\"z-index:19;background-color:#293180;\"\n\t\t\t\t\t\t\t><!--\n\t\t\t\t\t\t\t\t--><rs-layer\n\t\t\t\t\t\t\t\t\tid=\"slider-22-slide-36-layer-13\" \n\t\t\t\t\t\t\t\t\tdata-type=\"image\"\n\t\t\t\t\t\t\t\t\tdata-rsp_ch=\"on\"\n\t\t\t\t\t\t\t\t\tdata-xy=\"xo:50px,50px,50px,-17px;yo:50px,50px,50px,185px;\"\n\t\t\t\t\t\t\t\t\tdata-pos=\"a\"\n\t\t\t\t\t\t\t\t\tdata-text=\"w:normal;s:20,20,20,7;l:0,0,0,9;\"\n\t\t\t\t\t\t\t\t\tdata-dim=\"w:300px,300px,300px,33px;h:180px,180px,180px,33px;\"\n\t\t\t\t\t\t\t\t\tdata-actions='o:click;a:startlayer;layer:slider-22-slide-36-layer-3;ch:true;||o:click;a:stoplayer;layer:slider-22-slide-36-layer-6;ch:true;'\n\t\t\t\t\t\t\t\t\tdata-frame_999=\"o:0;st:w;\"\n\t\t\t\t\t\t\t\t\tstyle=\"z-index:18;\"\n\t\t\t\t\t\t\t\t><img decoding=\"async\" src=\"\/\/www.maho-gmbh.com\/wp-content\/plugins\/revslider\/public\/assets\/assets\/dummy.png\" alt=\"\" class=\"tp-rs-img rs-lazyload\" width=\"512\" height=\"512\" data-lazyload=\"\/\/www.maho-gmbh.com\/wp-content\/uploads\/2021\/11\/cancel.png\" data-no-retina> \n\t\t\t\t\t\t\t\t<\/rs-layer><!--\n\n\t\t\t\t\t\t\t\t--><a\n\t\t\t\t\t\t\t\t\tid=\"slider-22-slide-36-layer-12\" \n\t\t\t\t\t\t\t\t\tclass=\"rs-layer\"\n\t\t\t\t\t\t\t\t\thref=\"https:\/\/www.maho-gmbh.com\/tr\/kontakt\/\" target=\"_self\"\n\t\t\t\t\t\t\t\t\tdata-type=\"text\"\n\t\t\t\t\t\t\t\t\tdata-rsp_ch=\"on\"\n\t\t\t\t\t\t\t\t\tdata-xy=\"x:l,l,l,r;xo:50px,50px,50px,10px;yo:255px,255px,255px,145px;\"\n\t\t\t\t\t\t\t\t\tdata-pos=\"a\"\n\t\t\t\t\t\t\t\t\tdata-text=\"w:normal;s:20,20,20,20;l:25,25,25,25;fw:400,400,400,900;\"\n\t\t\t\t\t\t\t\t\tdata-frame_999=\"o:0;st:w;\"\n\t\t\t\t\t\t\t\t\tstyle=\"z-index:17;font-family:'Montserrat';\"\n\t\t\t\t\t\t\t\t>ILETISIM \n\t\t\t\t\t\t\t\t<\/a><!--\n\n\t\t\t\t\t\t\t\t--><a\n\t\t\t\t\t\t\t\t\tid=\"slider-22-slide-36-layer-8\" \n\t\t\t\t\t\t\t\t\tclass=\"rs-layer\"\n\t\t\t\t\t\t\t\t\thref=\"https:\/\/www.maho-gmbh.com\/tr\/jobs\/\" target=\"_self\"\n\t\t\t\t\t\t\t\t\tdata-type=\"text\"\n\t\t\t\t\t\t\t\t\tdata-rsp_ch=\"on\"\n\t\t\t\t\t\t\t\t\tdata-xy=\"x:l,l,l,r;xo:50px,50px,50px,10px;yo:255px,255px,255px,120px;\"\n\t\t\t\t\t\t\t\t\tdata-pos=\"a\"\n\t\t\t\t\t\t\t\t\tdata-text=\"w:normal;s:20,20,20,20;l:25,25,25,25;fw:400,400,400,900;\"\n\t\t\t\t\t\t\t\t\tdata-frame_999=\"o:0;st:w;\"\n\t\t\t\t\t\t\t\t\tstyle=\"z-index:16;font-family:'Montserrat';\"\n\t\t\t\t\t\t\t\t>JOBS \n\t\t\t\t\t\t\t\t<\/a><!--\n\n\t\t\t\t\t\t\t\t--><a\n\t\t\t\t\t\t\t\t\tid=\"slider-22-slide-36-layer-7\" \n\t\t\t\t\t\t\t\t\tclass=\"rs-layer\"\n\t\t\t\t\t\t\t\t\thref=\"https:\/\/www.maho-gmbh.com\/tr\/team\/\" target=\"_self\"\n\t\t\t\t\t\t\t\t\tdata-type=\"text\"\n\t\t\t\t\t\t\t\t\tdata-rsp_ch=\"on\"\n\t\t\t\t\t\t\t\t\tdata-xy=\"x:l,l,l,r;xo:50px,50px,50px,10px;yo:255px,255px,255px,95px;\"\n\t\t\t\t\t\t\t\t\tdata-pos=\"a\"\n\t\t\t\t\t\t\t\t\tdata-text=\"w:normal;s:20,20,20,20;l:25,25,25,25;fw:400,400,400,900;\"\n\t\t\t\t\t\t\t\t\tdata-frame_999=\"o:0;st:w;\"\n\t\t\t\t\t\t\t\t\tstyle=\"z-index:15;font-family:'Montserrat';\"\n\t\t\t\t\t\t\t\t>EKIP \n\t\t\t\t\t\t\t\t<\/a><!--\n\n\t\t\t\t\t\t\t\t--><rs-layer\n\t\t\t\t\t\t\t\t\tid=\"slider-22-slide-36-layer-11\" \n\t\t\t\t\t\t\t\t\tdata-type=\"text\"\n\t\t\t\t\t\t\t\t\tdata-rsp_ch=\"on\"\n\t\t\t\t\t\t\t\t\tdata-xy=\"x:l,l,l,r;xo:50px,50px,50px,10px;yo:255px,255px,255px,70px;\"\n\t\t\t\t\t\t\t\t\tdata-pos=\"a\"\n\t\t\t\t\t\t\t\t\tdata-text=\"w:normal;s:20,20,20,20;l:25,25,25,25;fw:400,400,400,900;\"\n\t\t\t\t\t\t\t\t\tdata-frame_999=\"o:0;st:w;\"\n\t\t\t\t\t\t\t\t\tstyle=\"z-index:14;font-family:'Montserrat';\"\n\t\t\t\t\t\t\t\t>SHOP \n\t\t\t\t\t\t\t\t<\/rs-layer><!--\n\n\t\t\t\t\t\t\t\t--><a\n\t\t\t\t\t\t\t\t\tid=\"slider-22-slide-36-layer-10\" \n\t\t\t\t\t\t\t\t\tclass=\"rs-layer\"\n\t\t\t\t\t\t\t\t\thref=\"https:\/\/www.maho-gmbh.com\/tr\/marken\/\" target=\"_self\"\n\t\t\t\t\t\t\t\t\tdata-type=\"text\"\n\t\t\t\t\t\t\t\t\tdata-rsp_ch=\"on\"\n\t\t\t\t\t\t\t\t\tdata-xy=\"x:l,l,l,r;xo:50px,50px,50px,10px;yo:255px,255px,255px,45px;\"\n\t\t\t\t\t\t\t\t\tdata-pos=\"a\"\n\t\t\t\t\t\t\t\t\tdata-text=\"w:normal;s:20,20,20,20;l:25,25,25,25;fw:400,400,400,900;\"\n\t\t\t\t\t\t\t\t\tdata-frame_999=\"o:0;st:w;\"\n\t\t\t\t\t\t\t\t\tstyle=\"z-index:13;font-family:'Montserrat';\"\n\t\t\t\t\t\t\t\t>MARKALAR \n\t\t\t\t\t\t\t\t<\/a><!--\n\n\t\t\t\t\t\t\t\t--><a\n\t\t\t\t\t\t\t\t\tid=\"slider-22-slide-36-layer-9\" \n\t\t\t\t\t\t\t\t\tclass=\"rs-layer\"\n\t\t\t\t\t\t\t\t\thref=\"https:\/\/www.maho-gmbh.com\/tr\/ueber-uns\/\" target=\"_self\"\n\t\t\t\t\t\t\t\t\tdata-type=\"text\"\n\t\t\t\t\t\t\t\t\tdata-rsp_ch=\"on\"\n\t\t\t\t\t\t\t\t\tdata-xy=\"x:l,l,l,r;xo:50px,50px,50px,10px;yo:255px,255px,255px,20px;\"\n\t\t\t\t\t\t\t\t\tdata-pos=\"a\"\n\t\t\t\t\t\t\t\t\tdata-text=\"w:normal;s:20,20,20,20;l:25,25,25,25;fw:400,400,400,900;\"\n\t\t\t\t\t\t\t\t\tdata-frame_999=\"o:0;st:w;\"\n\t\t\t\t\t\t\t\t\tstyle=\"z-index:12;font-family:'Montserrat';\"\n\t\t\t\t\t\t\t\t>HAKKIMIZDA \n\t\t\t\t\t\t\t\t<\/a><!--\n\t\t\t\t\t\t\t--><\/rs-group><!--\n\n\t\t\t\t\t\t\t--><rs-layer\n\t\t\t\t\t\t\t\tid=\"slider-22-slide-36-layer-0\" \n\t\t\t\t\t\t\t\tdata-type=\"shape\"\n\t\t\t\t\t\t\t\tdata-rsp_ch=\"on\"\n\t\t\t\t\t\t\t\tdata-xy=\"x:c;yo:255px,255px,255px,0;\"\n\t\t\t\t\t\t\t\tdata-text=\"w:normal;s:20,20,20,7;l:0,0,0,9;\"\n\t\t\t\t\t\t\t\tdata-dim=\"w:300pxpx,300pxpx,300pxpx,480px;h:180pxpx,180pxpx,180pxpx,850px;\"\n\t\t\t\t\t\t\t\tdata-frame_999=\"o:0;st:w;\"\n\t\t\t\t\t\t\t\tstyle=\"z-index:8;background-color:rgba(255,255,255,0.53);\"\n\t\t\t\t\t\t\t> \n\t\t\t\t\t\t\t<\/rs-layer><!--\n-->\t\t\t\t\t\t<\/rs-slide>\n\t\t\t\t\t<\/rs-slides>\n\t\t\t\t<\/rs-module>\n\t\t\t\t<script>\n\t\t\t\t\tsetREVStartSize({c: 'rev_slider_22_1',rl:[1240,1240,1240,480],el:[900,900,900,300],gw:[1240,1240,1240,480],gh:[900,900,900,300],type:'standard',justify:'',layout:'fullwidth',mh:\"0\"});if (window.RS_MODULES!==undefined && window.RS_MODULES.modules!==undefined && window.RS_MODULES.modules[\"revslider221\"]!==undefined) {window.RS_MODULES.modules[\"revslider221\"].once = false;window.revapi22 = undefined;if (window.RS_MODULES.checkMinimal!==undefined) window.RS_MODULES.checkMinimal()}\n\t\t\t\t<\/script>\n\t\t\t<\/rs-module-wrap>\n\t\t\t<!-- END REVOLUTION SLIDER -->\n<\/div><\/div><\/div><\/div><div class=\"vc_row-full-width vc_clearfix\"><\/div><div class=\"vc_row wpb_row vc_row-fluid\"><div class=\"wpb_column vc_column_container vc_col-sm-6 vc_hidden-sm vc_hidden-xs\"><div class=\"vc_column-inner\"><div class=\"wpb_wrapper\"><div class=\"vc_empty_space\"   style=\"height: 20px\"><span class=\"vc_empty_space_inner\"><\/span><\/div>\n\t<div class=\"wpb_text_column wpb_content_element\" >\n\t\t<div class=\"wpb_wrapper\">\n\t\t\t<h1 style=\"text-align: left;\"><span style=\"color: #293180;\">MAHO GmbH &#8211;<br \/>\n<\/span><span style=\"color: #293180;\">GIDA TOPTANCINIZ<\/span><\/h1>\n\n\t\t<\/div>\n\t<\/div>\n<div class=\"vc_separator wpb_content_element vc_separator_align_center vc_sep_width_100 vc_sep_dotted vc_sep_pos_align_left vc_separator_no_text\" ><span class=\"vc_sep_holder vc_sep_holder_l\"><span style=\"border-color:#293180;\" class=\"vc_sep_line\"><\/span><\/span><span class=\"vc_sep_holder vc_sep_holder_r\"><span style=\"border-color:#293180;\" class=\"vc_sep_line\"><\/span><\/span>\n<\/div>\n\t<div class=\"wpb_text_column wpb_content_element\" >\n\t\t<div class=\"wpb_wrapper\">\n\t\t\t<p style=\"text-align: justify;\">Maho Gmbh 20 y\u0131l\u0131 a\u015fk\u0131n bir s\u00fcredir K\u00f6ln ve t\u00fcm Kuzey Ren Vestfalya\u2019daki m\u00fc\u015fterilerine g\u0131da ve me\u015frubat tedarik etmektedir. Y\u0131llar\u0131n getirdi\u011fi tecr\u00fcbe ile m\u00fc\u015fterilerimize en iyi kaliteyi garanti edebiliyoruz.<\/p>\n<p style=\"text-align: justify;\">Geni\u015f \u00fcr\u00fcn yelpazemiz ve tedarik zincirimiz sayesinde perakende ve toptan m\u00fc\u015fterilerimizin sadik yol arkada\u015f\u0131y\u0131z. \nMarka \u00e7e\u015fitlili\u011fi, \u00fcr\u00fcn kalitesi, m\u00fc\u015fteri hizmetleri ve her daim en taze \u00fcr\u00fcn\u00fc sunma iddias\u0131.\nBu d\u00f6rt ilke \u00fczerine kurulu hizmet politikam\u0131z markam\u0131z\u0131n en b\u00fcy\u00fck yap\u0131 ta\u015flar\u0131d\u0131r.<\/p>\n<p style=\"text-align: justify;\">Elbette g\u0131da toptanc\u0131l\u0131\u011f\u0131 yans\u0131ra verdi\u011fimiz en b\u00fcy\u00fck hizmetin sadece \u00fcr\u00fcn tedarik etmekle sonlanmad\u0131\u011f\u0131n\u0131n fark\u0131nda olup, siz m\u00fc\u015fterilerimize \u00e7\u00f6z\u00fcm odakl\u0131 i\u015f birli\u011fi sunmak i\u00e7in kendimizi daima yenilemekteyiz.<\/p>\n\n\t\t<\/div>\n\t<\/div>\n<div class=\"vc_empty_space\"   style=\"height: 20px\"><span class=\"vc_empty_space_inner\"><\/span><\/div><\/div><\/div><\/div><div class=\"wpb_column vc_column_container vc_col-sm-6 vc_hidden-sm vc_hidden-xs\"><div class=\"vc_column-inner\"><div class=\"wpb_wrapper\"><div class=\"vc_empty_space\"   style=\"height: 20px\"><span class=\"vc_empty_space_inner\"><\/span><\/div>\n\t<div class=\"wpb_text_column wpb_content_element\" >\n\t\t<div class=\"wpb_wrapper\">\n\t\t\t<h1 style=\"text-align: left;\"><span style=\"color: #ffffff;\">MAHO GmbH &#8211;<\/span><br \/>\n<span style=\"color: #ffffff;\">Lebensmittel Gro\u00dfhandel<\/span><\/h1>\n\n\t\t<\/div>\n\t<\/div>\n<div class=\"vc_separator wpb_content_element vc_separator_align_center vc_sep_width_100 vc_sep_dotted vc_sep_pos_align_left vc_separator_no_text\" ><span class=\"vc_sep_holder vc_sep_holder_l\"><span style=\"border-color:#293180;\" class=\"vc_sep_line\"><\/span><\/span><span class=\"vc_sep_holder vc_sep_holder_r\"><span style=\"border-color:#293180;\" class=\"vc_sep_line\"><\/span><\/span>\n<\/div>\n\t<div class=\"wpb_text_column wpb_content_element\" >\n\t\t<div class=\"wpb_wrapper\">\n\t\t\t<p style=\"text-align: justify;\">Geni\u015f filomuz sayesinde tedarik zincirimiz t\u00fcm Kuzey Ren Vestfalya b\u00f6lgesindeki m\u00fc\u015fterilerimize sipari\u015flerini zaman\u0131nda ve g\u00fcvenilir bir \u015fekilde teslim etmektedir. \n\nTecr\u00fcbeli m\u00fc\u015fteri ve sat\u0131\u015f temsilcileri sayesinde sipari\u015fleriniz eksiksiz ve g\u00fcvenilir bir \u015fekilde isleme al\u0131n\u0131r ve 48 saat i\u00e7erisinde teslim edilir. \n\nM\u00fc\u015fteri hizmetlerimizin yani s\u0131ra 50\u2019yi a\u015fk\u0131n \u00e7al\u0131\u015fan\u0131m\u0131zla siz m\u00fc\u015fterilerimizi kusursuz ve eksiksiz destekleyebilmek ad\u0131na sipari\u015flerinizin bir an \u00f6nce teslimat\u0131 i\u00e7in \u00f6zenle \u00e7al\u0131\u015f\u0131yoruz.<\/p>\n<p style=\"text-align: justify;\" class=\"translation-block\">Dilerseniz K\u00f6ln\u2019de bizi ziyaret edebilir 3500 metrekareye depolama saham\u0131z ve showroomlar\u0131m\u0131z\u2019da \u00fcr\u00fcnlerimize ve sundu\u011fumuz hizmetlere yak\u0131ndan g\u00f6z atabilirsiniz.<\/p>\n<p style=\"text-align: justify;\">\u00dcr\u00fcnlerimiz ve sundu\u011fumuz di\u011fer hizmetler hakk\u0131nda bilgi ve destek i\u00e7in bize ula\u015fabilir ve tecr\u00fcbeli dan\u0131\u015fmanlar\u0131m\u0131z ile yak\u0131n temasa ge\u00e7ebilirsiniz.<\/p>\n<p>Hier k\u00f6nnen Sie einen kleinen Auszug unserer Produktpalette f\u00fcr den deutschen Markt sehen. F\u00fcr mehr Infos, schreiben Sie uns gerne an!<\/p>\n\n\t\t<\/div>\n\t<\/div>\n<div class=\"vc_btn3-container  wpb_animate_when_almost_visible wpb_fadeInUp fadeInUp vc_btn3-inline\" ><a class=\"vc_general vc_btn3 vc_btn3-size-md vc_btn3-shape-round vc_btn3-style-flat vc_btn3-color-primary\" href=\"https:\/\/www.maho-gmbh.com\/wp-content\/uploads\/2023\/02\/Maho_Produktsortiment_Web_Ansicht-1.pdf\" title=\"Hier Produktliste runterladen\">Hier Produktliste runterladen!<\/a><\/div><\/div><\/div><\/div><\/div><div data-vc-full-width=\"true\" data-vc-full-width-init=\"false\" data-vc-stretch-content=\"true\" class=\"vc_row wpb_row vc_row-fluid vc_custom_1638151915587 vc_row-no-padding\"><div class=\"wpb_column vc_column_container vc_col-sm-12 vc_hidden-lg vc_hidden-md\"><div class=\"vc_column-inner\"><div class=\"wpb_wrapper\"><div class=\"vc_empty_space\"   style=\"height: 20px\"><span class=\"vc_empty_space_inner\"><\/span><\/div>\n\t<div class=\"wpb_text_column wpb_content_element\" >\n\t\t<div class=\"wpb_wrapper\">\n\t\t\t<h1 style=\"text-align: left;\"><span style=\"color: #293180;\">MAHO GmbH &#8211;<br \/>\n<\/span><span style=\"color: #293180;\">GIDA TOPTANCINIZ<\/span><\/h1>\n\n\t\t<\/div>\n\t<\/div>\n<div class=\"vc_separator wpb_content_element vc_separator_align_center vc_sep_width_100 vc_sep_dotted vc_sep_pos_align_left vc_separator_no_text\" ><span class=\"vc_sep_holder vc_sep_holder_l\"><span style=\"border-color:#293180;\" class=\"vc_sep_line\"><\/span><\/span><span class=\"vc_sep_holder vc_sep_holder_r\"><span style=\"border-color:#293180;\" class=\"vc_sep_line\"><\/span><\/span>\n<\/div>\n\t<div class=\"wpb_text_column wpb_content_element\" >\n\t\t<div class=\"wpb_wrapper\">\n\t\t\t<p style=\"text-align: justify;\">Maho Gmbh 20 y\u0131l\u0131 a\u015fk\u0131n bir s\u00fcredir K\u00f6ln ve t\u00fcm Kuzey Ren Vestfalya\u2019daki m\u00fc\u015fterilerine g\u0131da ve me\u015frubat tedarik etmektedir. Y\u0131llar\u0131n getirdi\u011fi tecr\u00fcbe ile m\u00fc\u015fterilerimize en iyi kaliteyi garanti edebiliyoruz.<\/p>\n<p style=\"text-align: justify;\">Geni\u015f \u00fcr\u00fcn yelpazemiz ve tedarik zincirimiz sayesinde perakende ve toptan m\u00fc\u015fterilerimizin sadik yol arkada\u015f\u0131y\u0131z. \nMarka \u00e7e\u015fitlili\u011fi, \u00fcr\u00fcn kalitesi, m\u00fc\u015fteri hizmetleri ve her daim en taze \u00fcr\u00fcn\u00fc sunma iddias\u0131.\nBu d\u00f6rt ilke \u00fczerine kurulu hizmet politikam\u0131z markam\u0131z\u0131n en b\u00fcy\u00fck yap\u0131 ta\u015flar\u0131d\u0131r.<\/p>\n<p style=\"text-align: justify;\">Elbette g\u0131da toptanc\u0131l\u0131\u011f\u0131 yans\u0131ra verdi\u011fimiz en b\u00fcy\u00fck hizmetin sadece \u00fcr\u00fcn tedarik etmekle sonlanmad\u0131\u011f\u0131n\u0131n fark\u0131nda olup, siz m\u00fc\u015fterilerimize \u00e7\u00f6z\u00fcm odakl\u0131 i\u015f birli\u011fi sunmak i\u00e7in kendimizi daima yenilemekteyiz.<\/p>\n\n\t\t<\/div>\n\t<\/div>\n\n\t<div class=\"wpb_text_column wpb_content_element\" >\n\t\t<div class=\"wpb_wrapper\">\n\t\t\t<p style=\"text-align: justify;\">Geni\u015f filomuz sayesinde tedarik zincirimiz t\u00fcm Kuzey Ren Vestfalya b\u00f6lgesindeki m\u00fc\u015fterilerimize sipari\u015flerini zaman\u0131nda ve g\u00fcvenilir bir \u015fekilde teslim etmektedir. \n\nTecr\u00fcbeli m\u00fc\u015fteri ve sat\u0131\u015f temsilcileri sayesinde sipari\u015fleriniz eksiksiz ve g\u00fcvenilir bir \u015fekilde isleme al\u0131n\u0131r ve 48 saat i\u00e7erisinde teslim edilir. \n\nM\u00fc\u015fteri hizmetlerimizin yani s\u0131ra 50\u2019yi a\u015fk\u0131n \u00e7al\u0131\u015fan\u0131m\u0131zla siz m\u00fc\u015fterilerimizi kusursuz ve eksiksiz destekleyebilmek ad\u0131na sipari\u015flerinizin bir an \u00f6nce teslimat\u0131 i\u00e7in \u00f6zenle \u00e7al\u0131\u015f\u0131yoruz.<\/p>\n<p style=\"text-align: justify;\" class=\"translation-block\">Dilerseniz K\u00f6ln\u2019de bizi ziyaret edebilir 3500 metrekareye depolama saham\u0131z ve showroomlar\u0131m\u0131z\u2019da \u00fcr\u00fcnlerimize ve sundu\u011fumuz hizmetlere yak\u0131ndan g\u00f6z atabilirsiniz.<\/p>\n<p style=\"text-align: justify;\">\u00dcr\u00fcnlerimiz ve sundu\u011fumuz di\u011fer hizmetler hakk\u0131nda bilgi ve destek i\u00e7in bize ula\u015fabilir ve tecr\u00fcbeli dan\u0131\u015fmanlar\u0131m\u0131z ile yak\u0131n temasa ge\u00e7ebilirsiniz.<\/p>\n\n\t\t<\/div>\n\t<\/div>\n<div class=\"vc_empty_space\"   style=\"height: 20px\"><span class=\"vc_empty_space_inner\"><\/span><\/div><\/div><\/div><\/div><\/div><div class=\"vc_row-full-width vc_clearfix\"><\/div><div data-vc-full-width=\"true\" data-vc-full-width-init=\"false\" class=\"vc_row wpb_row vc_row-fluid vc_custom_1623286233033 vc_row-has-fill\"><div class=\"wpb_column vc_column_container vc_col-sm-6 vc_hidden-sm vc_hidden-xs\"><div class=\"vc_column-inner\"><div class=\"wpb_wrapper\">\n\t<div  class=\"wpb_single_image wpb_content_element vc_align_center\">\n\t\t\n\t\t<figure class=\"wpb_wrapper vc_figure\">\n\t\t\t<div class=\"vc_single_image-wrapper   vc_box_border_grey\"><img decoding=\"async\" class=\"vc_single_image-img\" src=\"https:\/\/www.maho-gmbh.com\/wp-content\/uploads\/2021\/06\/product-250x250.png\" width=\"250\" height=\"250\" alt=\"product\" title=\"product\" loading=\"lazy\" \/><\/div>\n\t\t<\/figure>\n\t<\/div>\n\n\t<div class=\"wpb_text_column wpb_content_element  vc_custom_1623286099768\" >\n\t\t<div class=\"wpb_wrapper\">\n\t\t\t<h1 style=\"text-align: center;\"><span style=\"color: #ffffff;\">MARKALAR<\/span><\/h1>\n\n\t\t<\/div>\n\t<\/div>\n<div class=\"vc_separator wpb_content_element vc_separator_align_center vc_sep_width_100 vc_sep_pos_align_center vc_separator_no_text vc_sep_color_grey\" ><span class=\"vc_sep_holder vc_sep_holder_l\"><span class=\"vc_sep_line\"><\/span><\/span><span class=\"vc_sep_holder vc_sep_holder_r\"><span class=\"vc_sep_line\"><\/span><\/span>\n<\/div>\n\t<div class=\"wpb_text_column wpb_content_element\" >\n\t\t<div class=\"wpb_wrapper\">\n\t\t\t<p style=\"text-align: center;\"><span style=\"color: #ffffff;\">Markalar\u0131m\u0131za g\u00f6z at\u0131n<br \/>\n<\/span><\/p>\n\n\t\t<\/div>\n\t<\/div>\n<div class=\"vc_btn3-container vc_btn3-center\" ><a class=\"vc_general vc_btn3 vc_btn3-size-md vc_btn3-shape-round vc_btn3-style-outline vc_btn3-color-white\" href=\"https:\/\/www.maho-gmbh.com\/tr\/marken\/\" title=\"Homepage v2\">MARKALARIMIZ<\/a><\/div><div class=\"vc_empty_space\"   style=\"height: 20px\"><span class=\"vc_empty_space_inner\"><\/span><\/div><\/div><\/div><\/div><div class=\"wpb_column vc_column_container vc_col-sm-6 vc_hidden-sm vc_hidden-xs\"><div class=\"vc_column-inner\"><div class=\"wpb_wrapper\">\n\t<div  class=\"wpb_single_image wpb_content_element vc_align_center\">\n\t\t\n\t\t<figure class=\"wpb_wrapper vc_figure\">\n\t\t\t<div class=\"vc_single_image-wrapper   vc_box_border_grey\"><img decoding=\"async\" class=\"vc_single_image-img\" src=\"https:\/\/www.maho-gmbh.com\/wp-content\/uploads\/2021\/06\/online-shop-250x250.png\" width=\"250\" height=\"250\" alt=\"online-shop\" title=\"online-shop\" loading=\"lazy\" \/><\/div>\n\t\t<\/figure>\n\t<\/div>\n\n\t<div class=\"wpb_text_column wpb_content_element  vc_custom_1623286116665\" >\n\t\t<div class=\"wpb_wrapper\">\n\t\t\t<h1 style=\"text-align: center;\"><span style=\"color: #ffffff;\">WEBSHOP<\/span><\/h1>\n\n\t\t<\/div>\n\t<\/div>\n<div class=\"vc_separator wpb_content_element vc_separator_align_center vc_sep_width_100 vc_sep_pos_align_center vc_separator_no_text vc_sep_color_grey\" ><span class=\"vc_sep_holder vc_sep_holder_l\"><span class=\"vc_sep_line\"><\/span><\/span><span class=\"vc_sep_holder vc_sep_holder_r\"><span class=\"vc_sep_line\"><\/span><\/span>\n<\/div>\n\t<div class=\"wpb_text_column wpb_content_element\" >\n\t\t<div class=\"wpb_wrapper\">\n\t\t\t<p style=\"text-align: center;\"><span style=\"color: #ffffff;\">1.500'den fazla \u00fcr\u00fcn i\u00e7eren web ma\u011fazam\u0131z\u0131 ke\u015ffedin.<br \/>\n<\/span><\/p>\n\n\t\t<\/div>\n\t<\/div>\n<div class=\"vc_btn3-container vc_btn3-center\" ><a class=\"vc_general vc_btn3 vc_btn3-size-md vc_btn3-shape-round vc_btn3-style-outline vc_btn3-color-white\" href=\"https:\/\/www.maho-gmbh.com\/tr\/marken\/\" title=\"Homepage v2\">ZUM WEBSHOP<\/a><\/div><div class=\"vc_empty_space\"   style=\"height: 20px\"><span class=\"vc_empty_space_inner\"><\/span><\/div><\/div><\/div><\/div><\/div><div class=\"vc_row-full-width vc_clearfix\"><\/div>\n<\/div>","protected":false},"excerpt":{"rendered":"MEN\u00dc KONTAKT JOBS TEAM SHOP MARKEN \u00dcBER UNS MAHO GmbH - LEBENSMITTEL GRO\u00dfHANDEL Die MAHO GmbH ist Ihr Lebensmittel-Gro\u00dfh\u00e4ndler aus K\u00f6ln und beliefert seit \u00fcber 20<span class=\"excerpt-hellip\"> [\u2026]<\/span>","protected":false},"author":1,"featured_media":0,"parent":0,"menu_order":0,"comment_status":"closed","ping_status":"closed","template":"","meta":{"footnotes":""},"class_list":["post-48","page","type-page","status-publish","hentry"],"_links":{"self":[{"href":"https:\/\/www.maho-gmbh.com\/tr\/wp-json\/wp\/v2\/pages\/48","targetHints":{"allow":["GET"]}}],"collection":[{"href":"https:\/\/www.maho-gmbh.com\/tr\/wp-json\/wp\/v2\/pages"}],"about":[{"href":"https:\/\/www.maho-gmbh.com\/tr\/wp-json\/wp\/v2\/types\/page"}],"author":[{"embeddable":true,"href":"https:\/\/www.maho-gmbh.com\/tr\/wp-json\/wp\/v2\/users\/1"}],"replies":[{"embeddable":true,"href":"https:\/\/www.maho-gmbh.com\/tr\/wp-json\/wp\/v2\/comments?post=48"}],"version-history":[{"count":22,"href":"https:\/\/www.maho-gmbh.com\/tr\/wp-json\/wp\/v2\/pages\/48\/revisions"}],"predecessor-version":[{"id":343,"href":"https:\/\/www.maho-gmbh.com\/tr\/wp-json\/wp\/v2\/pages\/48\/revisions\/343"}],"wp:attachment":[{"href":"https:\/\/www.maho-gmbh.com\/tr\/wp-json\/wp\/v2\/media?parent=48"}],"curies":[{"name":"wp","href":"https:\/\/api.w.org\/{rel}","templated":true}]}}